{"id":17,"date":"2011-12-08T22:04:25","date_gmt":"2011-12-08T22:04:25","guid":{"rendered":"http:\/\/enfralex.welikesmall.org\/?page_id=17"},"modified":"2024-02-07T01:57:17","modified_gmt":"2024-02-06T14:57:17","slug":"privacy-policy","status":"publish","type":"page","link":"https:\/\/enfralex.com\/fr\/privacy-policy\/","title":{"rendered":"Politique de confidentialit\u00e9"},"content":{"rendered":"<p>Nous nous engageons \u00e0 maintenir la s\u00e9curit\u00e9 et la confidentialit\u00e9 des renseignements personnels qui peuvent \u00eatre transmis lors de la navigation sur le site enfraLEX. Nos engagements cl\u00e9s qui vous sont:<\/p>\n\n\n\n<ul>\n<li>Assurer la confidentialit\u00e9 et la s\u00e9curit\u00e9 de vos informations personnelles<\/li>\n\n\n\n<li>Ne pas vendre \/ louer \/ partager vos renseignements personnels sans votre consentement<\/li>\n\n\n\n<li>Fournir un acc\u00e8s afin de corriger, actualiser ou supprimer les informations personnelles que vous nous soumettez<\/li>\n<\/ul>\n\n\n\n<p>Le site peut contenir des liens vers des tiers, qui ne sont pas r\u00e9gis par cette politique de confidentialit\u00e9.  Nous n\u2019engageons pas notre responsabilit\u00e9  s\u2019agissant des pratiques de confidentialit\u00e9 des sites tiers vers lesquels pointent nos liens.  En utilisant ce site et en transmettant des informations, vous reconnaissez accepter nos r\u00e8gles d\u2019utilisation de l\u2019information communiqu\u00e9e.  Si vous avez des questions concernant cette politique de confidentialit\u00e9, n\u2019h\u00e9sitez pas \u00e0 nous contacter.<\/p>\n\n\n\n<h2 class=\"wp-block-heading\">Collecte de renseignements personnels<\/h2>\n\n\n\n<p>Nous pouvons recueillir des renseignements personnels qui sont volontairement fournis par les utilisateurs, tout en navigant sur  le site. Les types de renseignements recueillis peuvent inclure votre nom, vos coordonn\u00e9es, les pages web visit\u00e9es, les documents consult\u00e9s et l\u2019adresse internet.<\/p>\n\n\n\n<p>Nous ne recueillons aucune information personnelle sensible sans votre consentement explicite \u00e0 la collecte et l\u2019utilisation de ces informations.<\/p>\n\n\n\n<h2 class=\"wp-block-heading\">Utilisation des renseignements personnels<\/h2>\n\n\n\n<p>Cette information est utilis\u00e9e pour cr\u00e9er un profil personnel pour r\u00e9pondre \u00e0 vos demandes sp\u00e9cifiques. Cela nous aide \u00e0 mieux comprendre et r\u00e9pondre \u00e0 vos besoins. Occasionnellement, nous pouvons \u00e9galement utiliser ces informations pour effectuer les t\u00e2ches se rapportant au site Web.<\/p>\n\n\n\n<p>Nous pouvons parfois ajouter des adresses email de personnes que nous estimions peut-\u00eatre int\u00e9ress\u00e9s \u00e0 recevoir nos messages pertinents. Si vous ne souhaitez pas recevoir nos communications, vous pouvez vous d\u00e9sabonner \u00e0 tout moment automatiquement \u00e0 partir du site Web par email.<\/p>\n\n\n\n<h2 class=\"wp-block-heading\">Notre site Web<\/h2>\n\n\n\n<p>Comme la plupart des sites web, en acc\u00e8dant \u00e0 notre site, des fichiers sont g\u00e9n\u00e9r\u00e9s par le serveur web qui affiche l\u2019adresse IP de l\u2019utilisateur, date, heure et les pages visit\u00e9es. Nous examinerons p\u00e9riodiquement les renseignements enregistr\u00e9s dans notre site Web.  Les informations enregistr\u00e9es dans les journaux Web sont utilis\u00e9es pour g\u00e9n\u00e9rer des statistiques telles que la d\u00e9termination des parties de notre site qui sont les plus populaires.<\/p>\n\n\n\n<p>En plus de nos statistiques de base, nous utilisons aussi Google Analytics pour cr\u00e9er des statistiques du site pour nous aider \u00e0 am\u00e9liorer le site.  Nous vous prions de lire les conditions d\u2019utilisation de Google et la politique de confidentialit\u00e9 de Google pour plus d\u2019informations<\/p>\n\n\n\n<h2 class=\"wp-block-heading\">Divulgation d'informations \u00e0 une tierce partie<\/h2>\n\n\n\n<p>Normalement, nous ne divulguons pas les renseignements personnels \u00e0 des tiers sans l\u2019autorisation expresse de la personne concern\u00e9e.  Cependant nous pouvons avoir besoin de temps en temps divulguer ces informations \u00e0 nos prestataires de service avec votre consentement implicite.<\/p>\n\n\n\n<h2 class=\"wp-block-heading\">S\u00e9curit\u00e9 des rensignments personnels<\/h2>\n\n\n\n<p>Nous conservons les journaux des serveurs Web de l\u2019information et sur les installations contr\u00f4l\u00e9es qui sont prot\u00e9g\u00e9s contre tout acc\u00e8s non autoris\u00e9. La preuve d\u2019identit\u00e9 est requise avant que l\u2019information soit transmise de toute personne.<\/p>\n\n\n\n<p>Les emails ne seront g\u00e9n\u00e9ralement pas consid\u00e9r\u00e9s comme s\u00e9curis\u00e9s. Si vous souhaitez nous envoyer des informations confidentielles par email, nous vous encourageons \u00e0 utiliser le courrier \u00e9lectronique crypt\u00e9.<\/p>\n\n\n\n<h2 class=\"wp-block-heading\">Changements \u00e0 la Politique de confidentialit\u00e9<\/h2>\n\n\n\n<p>Cette politique peut \u00eatre mise \u00e0 jour, mais toute modification n\u2019aura aucune incidence sur la protection des renseignements personnels \u00e9nonc\u00e9s ci-dessus.<\/p>","protected":false},"excerpt":{"rendered":"<p>We are committed to maintaining the security and privacy of the personal information that may be submitted while exploring our website. Our key commitments to you are: The site may contain links to third parties, which are not governed by this privacy policy. We do not take responsibility for the privacy practices of any third [&hellip;]<\/p>","protected":false},"author":1,"featured_media":0,"parent":0,"menu_order":6,"comment_status":"open","ping_status":"closed","template":"","meta":{"_acf_changed":false,"footnotes":""},"acf":[],"yoast_head":"<!-- This site is optimized with the Yoast SEO plugin v22.0 - https:\/\/yoast.com\/wordpress\/plugins\/seo\/ -->\n<title>Privacy policy - enfraLEX<\/title>\n<meta name=\"robots\" content=\"index, follow, max-snippet:-1, max-image-preview:large, max-video-preview:-1\" \/>\n<link rel=\"canonical\" href=\"https:\/\/enfralex.com\/fr\/privacy-policy\/\" \/>\n<meta property=\"og:locale\" content=\"fr_FR\" \/>\n<meta property=\"og:type\" content=\"article\" \/>\n<meta property=\"og:title\" content=\"Privacy policy - enfraLEX\" \/>\n<meta property=\"og:description\" content=\"We are committed to maintaining the security and privacy of the personal information that may be submitted while exploring our website. Our key commitments to you are: The site may contain links to third parties, which are not governed by this privacy policy. We do not take responsibility for the privacy practices of any third [&hellip;]\" \/>\n<meta property=\"og:url\" content=\"https:\/\/enfralex.com\/fr\/privacy-policy\/\" \/>\n<meta property=\"og:site_name\" content=\"enfraLEX\" \/>\n<meta property=\"article:modified_time\" content=\"2024-02-06T14:57:17+00:00\" \/>\n<meta name=\"twitter:card\" content=\"summary_large_image\" \/>\n<meta name=\"twitter:label1\" content=\"Dur\u00e9e de lecture estim\u00e9e\" \/>\n\t<meta name=\"twitter:data1\" content=\"2 minutes\" \/>\n<script type=\"application\/ld+json\" class=\"yoast-schema-graph\">{\"@context\":\"https:\/\/schema.org\",\"@graph\":[{\"@type\":\"WebPage\",\"@id\":\"https:\/\/enfralex.com\/privacy-policy\/\",\"url\":\"https:\/\/enfralex.com\/privacy-policy\/\",\"name\":\"Privacy policy - enfraLEX\",\"isPartOf\":{\"@id\":\"https:\/\/enfralex.com\/#website\"},\"datePublished\":\"2011-12-08T22:04:25+00:00\",\"dateModified\":\"2024-02-06T14:57:17+00:00\",\"breadcrumb\":{\"@id\":\"https:\/\/enfralex.com\/privacy-policy\/#breadcrumb\"},\"inLanguage\":\"fr-FR\",\"potentialAction\":[{\"@type\":\"ReadAction\",\"target\":[\"https:\/\/enfralex.com\/privacy-policy\/\"]}]},{\"@type\":\"BreadcrumbList\",\"@id\":\"https:\/\/enfralex.com\/privacy-policy\/#breadcrumb\",\"itemListElement\":[{\"@type\":\"ListItem\",\"position\":1,\"name\":\"Home\",\"item\":\"https:\/\/enfralex.com\/\"},{\"@type\":\"ListItem\",\"position\":2,\"name\":\"Privacy policy\"}]},{\"@type\":\"WebSite\",\"@id\":\"https:\/\/enfralex.com\/#website\",\"url\":\"https:\/\/enfralex.com\/\",\"name\":\"enfraLEX | Energy and Infrastructure Lawyers\",\"description\":\"Energy and Infrastructure Lawyers\",\"publisher\":{\"@id\":\"https:\/\/enfralex.com\/#organization\"},\"potentialAction\":[{\"@type\":\"SearchAction\",\"target\":{\"@type\":\"EntryPoint\",\"urlTemplate\":\"https:\/\/enfralex.com\/?s={search_term_string}\"},\"query-input\":\"required name=search_term_string\"}],\"inLanguage\":\"fr-FR\"},{\"@type\":\"Organization\",\"@id\":\"https:\/\/enfralex.com\/#organization\",\"name\":\"enfraLEX\",\"url\":\"https:\/\/enfralex.com\/\",\"logo\":{\"@type\":\"ImageObject\",\"inLanguage\":\"fr-FR\",\"@id\":\"https:\/\/enfralex.com\/#\/schema\/logo\/image\/\",\"url\":\"https:\/\/enfralex.com\/wp-content\/uploads\/2024\/02\/enfraLEX-energy-and-infrastructure-lawyers.png\",\"contentUrl\":\"https:\/\/enfralex.com\/wp-content\/uploads\/2024\/02\/enfraLEX-energy-and-infrastructure-lawyers.png\",\"width\":241,\"height\":60,\"caption\":\"enfraLEX\"},\"image\":{\"@id\":\"https:\/\/enfralex.com\/#\/schema\/logo\/image\/\"},\"sameAs\":[\"https:\/\/www.linkedin.com\/company\/enfralex\/\"]}]}<\/script>\n<!-- \/ Yoast SEO plugin. -->","yoast_head_json":{"title":"Privacy policy - enfraLEX","robots":{"index":"index","follow":"follow","max-snippet":"max-snippet:-1","max-image-preview":"max-image-preview:large","max-video-preview":"max-video-preview:-1"},"canonical":"https:\/\/enfralex.com\/fr\/privacy-policy\/","og_locale":"fr_FR","og_type":"article","og_title":"Privacy policy - enfraLEX","og_description":"We are committed to maintaining the security and privacy of the personal information that may be submitted while exploring our website. Our key commitments to you are: The site may contain links to third parties, which are not governed by this privacy policy. We do not take responsibility for the privacy practices of any third [&hellip;]","og_url":"https:\/\/enfralex.com\/fr\/privacy-policy\/","og_site_name":"enfraLEX","article_modified_time":"2024-02-06T14:57:17+00:00","twitter_card":"summary_large_image","twitter_misc":{"Dur\u00e9e de lecture estim\u00e9e":"2 minutes"},"schema":{"@context":"https:\/\/schema.org","@graph":[{"@type":"WebPage","@id":"https:\/\/enfralex.com\/privacy-policy\/","url":"https:\/\/enfralex.com\/privacy-policy\/","name":"Privacy policy - enfraLEX","isPartOf":{"@id":"https:\/\/enfralex.com\/#website"},"datePublished":"2011-12-08T22:04:25+00:00","dateModified":"2024-02-06T14:57:17+00:00","breadcrumb":{"@id":"https:\/\/enfralex.com\/privacy-policy\/#breadcrumb"},"inLanguage":"fr-FR","potentialAction":[{"@type":"ReadAction","target":["https:\/\/enfralex.com\/privacy-policy\/"]}]},{"@type":"BreadcrumbList","@id":"https:\/\/enfralex.com\/privacy-policy\/#breadcrumb","itemListElement":[{"@type":"ListItem","position":1,"name":"Home","item":"https:\/\/enfralex.com\/"},{"@type":"ListItem","position":2,"name":"Privacy policy"}]},{"@type":"WebSite","@id":"https:\/\/enfralex.com\/#website","url":"https:\/\/enfralex.com\/","name":"enfraLEX | Energy and Infrastructure Lawyers","description":"Energy and Infrastructure Lawyers","publisher":{"@id":"https:\/\/enfralex.com\/#organization"},"potentialAction":[{"@type":"SearchAction","target":{"@type":"EntryPoint","urlTemplate":"https:\/\/enfralex.com\/?s={search_term_string}"},"query-input":"required name=search_term_string"}],"inLanguage":"fr-FR"},{"@type":"Organization","@id":"https:\/\/enfralex.com\/#organization","name":"enfraLEX","url":"https:\/\/enfralex.com\/","logo":{"@type":"ImageObject","inLanguage":"fr-FR","@id":"https:\/\/enfralex.com\/#\/schema\/logo\/image\/","url":"https:\/\/enfralex.com\/wp-content\/uploads\/2024\/02\/enfraLEX-energy-and-infrastructure-lawyers.png","contentUrl":"https:\/\/enfralex.com\/wp-content\/uploads\/2024\/02\/enfraLEX-energy-and-infrastructure-lawyers.png","width":241,"height":60,"caption":"enfraLEX"},"image":{"@id":"https:\/\/enfralex.com\/#\/schema\/logo\/image\/"},"sameAs":["https:\/\/www.linkedin.com\/company\/enfralex\/"]}]}},"_links":{"self":[{"href":"https:\/\/enfralex.com\/fr\/wp-json\/wp\/v2\/pages\/17"}],"collection":[{"href":"https:\/\/enfralex.com\/fr\/wp-json\/wp\/v2\/pages"}],"about":[{"href":"https:\/\/enfralex.com\/fr\/wp-json\/wp\/v2\/types\/page"}],"author":[{"embeddable":true,"href":"https:\/\/enfralex.com\/fr\/wp-json\/wp\/v2\/users\/1"}],"replies":[{"embeddable":true,"href":"https:\/\/enfralex.com\/fr\/wp-json\/wp\/v2\/comments?post=17"}],"version-history":[{"count":21,"href":"https:\/\/enfralex.com\/fr\/wp-json\/wp\/v2\/pages\/17\/revisions"}],"predecessor-version":[{"id":501,"href":"https:\/\/enfralex.com\/fr\/wp-json\/wp\/v2\/pages\/17\/revisions\/501"}],"wp:attachment":[{"href":"https:\/\/enfralex.com\/fr\/wp-json\/wp\/v2\/media?parent=17"}],"curies":[{"name":"wp","href":"https:\/\/api.w.org\/{rel}","templated":true}]}}